{"id":304,"date":"2024-01-17T12:04:06","date_gmt":"2024-01-17T11:04:06","guid":{"rendered":"https:\/\/recrytera.com\/cookie-policy\/"},"modified":"2025-05-06T17:09:48","modified_gmt":"2025-05-06T15:09:48","slug":"cookie-policy","status":"publish","type":"page","link":"https:\/\/recrytera.com\/it\/cookie-policy\/","title":{"rendered":"Cookie policy"},"content":{"rendered":"<div class=\"wpb-content-wrapper\"><p>[vc_row css=&#8221;.vc_custom_1705489245334{padding-top: 50px !important;padding-bottom: 50px !important;}&#8221;][vc_column][vc_column_text]<\/p>\n<h1>Cookie policy<\/h1>\n<p>[\/vc_column_text][vc_column_text]La presente Cookie policy rivolta agli utenti del sito web (di seguito \u201c<strong>informativa<\/strong>\u201d) ha lo scopo di informarla su come vengono trattati i suoi dati personali quando visita il nostro sito web (di seguito il \u201c<strong>sito<\/strong>\u201d).<br \/>\nA tal proposito, La informiamo che <strong>Recrytera S.r.l.<\/strong>, che ha sede in\u00a0Via Erasmo Piaggio n. 35 &#8211; 66100 Chieti (CH), agisce in qualit\u00e0 di titolare del trattamento dei suoi dati personali.[\/vc_column_text][vc_column_text css=&#8221;&#8221;]<\/p>\n<h2>1-UTILIZZIAMO COOKIE?<\/h2>\n<p>Come specificato nella nostra privacy policy, <strong>utilizziamo esclusivamente cookie tecnici sul nostro sito<\/strong>.<br \/>\n<strong>I cookie tecnici<\/strong> sono i cookie che servono a consentire la navigazione del sito web e la sua regolare funzionalit\u00e0 (ad esempio, cookie preferenza lingua). Non vengono utilizzati per scopi ulteriori.<br \/>\nNello specifico, <strong>utilizziamo i seguenti cookie tecnici<\/strong>:<\/p>\n<p>[wcc_category_list][\/vc_column_text][vc_column_text]<\/p>\n<h2>2-CONSENSO<\/h2>\n<p>Per l\u2019installazione dei <strong>cookie tecnici<\/strong>, non \u00e8 richiesto il consenso degli utenti, mentre \u00e8 comunque sempre necessario fornire l&#8217;informativa (art. 13 del Regolamento Ue 2016\/679).<br \/>\nL&#8217;utente pu\u00f2 decidere se disabilitare i cookie tecnici utilizzando le impostazioni del proprio browser. Tuttavia, la disabilitazione totale o parziale dei cookies tecnici pu\u00f2 compromettere l&#8217;utilizzo delle funzionalit\u00e0 del sito.[\/vc_column_text][vc_column_text]<\/p>\n<h2>3-PLUGIN DI TERZE PARTI<\/h2>\n<p>Il sito <strong>incorpora plugin e\/o bottoni<\/strong> di terze parti: plugin dei pi\u00f9 conosciuti social network al solo scopo di consentire all\u2019utente di continuare a seguire i nostri contenuti<br \/>\nQuesti servizi permettono di effettuare interazioni con i social network o con altre piattaforme esterne direttamente dalle pagine di questo sito web. Nel caso in cui sia installato un servizio di interazione con piattaforme esterne, \u00e8 possibile che, anche nel caso gli utenti non utilizzino il servizio, lo stesso raccolga dati di traffico relativi alle pagine in cui \u00e8 installato.<br \/>\nLa raccolta e l\u2019uso delle informazioni da parte di tali terzi sono regolati dalle rispettive Cookie policy alle quali si prega di fare riferimento:<\/p>\n<ul>\n<li><strong>LinkedIn<\/strong> (<a href=\"https:\/\/www.linkedin.com\/legal\/privacy-policy\">Link privacy policy<\/a>; <a href=\"https:\/\/www.linkedin.com\/legal\/cookie-policy\">Link Cookie Policy<\/a>)<\/li>\n<\/ul>\n<p>[\/vc_column_text][vc_column_text]<\/p>\n<h2>4-QUALI SONO I SUOI DIRITTI?<\/h2>\n<p>In conformit\u00e0 con il quadro giuridico applicabile in materia di protezione dei dati, in particolare con il GDPR, in qualit\u00e0 di interessato Lei dispone dei seguenti diritti:<\/p>\n<ul>\n<li>Pu\u00f2 richiedere l\u2019accesso ai suoi dati personali e chiederne la rettifica o la cancellazione.<\/li>\n<li>Ha anche il diritto di richiedere che il trattamento dei suoi dati personali sia limitato o di opporti allo stesso.<\/li>\n<li>Ha il diritto alla portabilit\u00e0 dei suoi dati personali.<\/li>\n<li>Se il trattamento dei suoi dati personali si basa sul suo consenso, pu\u00f2 revocarlo in qualsiasi momento, senza pregiudicare la liceit\u00e0 del trattamento basato sul consenso prestato antecedentemente alla revoca.<\/li>\n<\/ul>\n<p>Per esercitare i suoi diritti, La preghiamo di contattarci utilizzando i dati di contatto forniti nella sezione 5 (Come pu\u00f2 contattarci?). Per elaborare la sua richiesta nel modo pi\u00f9 efficiente possibile, potremmo chiederLe alcune informazioni aggiuntive per confermare la sua identit\u00e0 e\/o aiutarla a localizzare i dati personali che costituiscono l\u2019oggetto della sua richiesta.<br \/>\nIn ogni caso, Le ricordiamo che pu\u00f2 presentare un reclamo all\u2019autorit\u00e0 di controllo competente.<br \/>\nL\u2019Autorit\u00e0 di controllo in Italia pu\u00f2 essere contattata all\u2019indirizzo\u00a0<a href=\"https:\/\/www.garanteprivacy.it\/\">https:\/\/www.garanteprivacy.it\/<\/a>.[\/vc_column_text][vc_column_text]<\/p>\n<h2>5-COME PUOI CONTATTARCI?<\/h2>\n<p>Le richieste vanno rivolte:<br \/>\nPu\u00f2 contattare il nostro privacy team al seguente indirizzo e-mail: <a href=\"mailto:privacy@concorsismart.it\">privacy@concorsismart.it<\/a>[\/vc_column_text][vc_column_text]<\/p>\n<h2>6-MODIFICHE A QUESTA COOKIE POLICY<\/h2>\n<p>Il titolare del trattamento si riserva il diritto di apportare modifiche alla presente Cookie Policy in qualunque momento dandone pubblicit\u00e0 agli utenti su questa pagina.[\/vc_column_text][vc_column_text]<strong>Versione attuale:<\/strong> Cookie policy \u2013 v.1<br \/>\n<strong>Ultimo aggiornamento:<\/strong> gennaio 2024[\/vc_column_text][\/vc_column][\/vc_row]<\/p>\n<\/div>","protected":false},"excerpt":{"rendered":"<p>[vc_row css=&#8221;.vc_custom_1705489245334{padding-top: 50px !important;padding-bottom: 50px !important;}&#8221;][vc_column][vc_column_text] Cookie policy [\/vc_column_text][vc_column_text]La presente Cookie policy rivolta agli utenti del sito web (di seguito \u201cinformativa\u201d) ha lo scopo di informarla su come vengono trattati i suoi dati personali quando visita il nostro sito web (di seguito il \u201csito\u201d). A tal proposito, La informiamo che Recrytera S.r.l., che ha sede [&hellip;]<\/p>\n","protected":false},"author":1,"featured_media":0,"parent":0,"menu_order":998,"comment_status":"closed","ping_status":"closed","template":"fullwidth.php","meta":{"_acf_changed":false,"inline_featured_image":false,"footnotes":""},"class_list":["post-304","page","type-page","status-publish","hentry"],"acf":[],"yoast_head":"<!-- This site is optimized with the Yoast SEO plugin v27.1.1 - https:\/\/yoast.com\/product\/yoast-seo-wordpress\/ -->\n<title>Cookie policy - Recrytera<\/title>\n<meta name=\"robots\" content=\"index, follow, max-snippet:-1, max-image-preview:large, max-video-preview:-1\" \/>\n<link rel=\"canonical\" href=\"https:\/\/recrytera.com\/it\/cookie-policy\/\" \/>\n<meta property=\"og:locale\" content=\"it_IT\" \/>\n<meta property=\"og:type\" content=\"article\" \/>\n<meta property=\"og:title\" content=\"Cookie policy - Recrytera\" \/>\n<meta property=\"og:description\" content=\"[vc_row css=&#8221;.vc_custom_1705489245334{padding-top: 50px !important;padding-bottom: 50px !important;}&#8221;][vc_column][vc_column_text] Cookie policy [\/vc_column_text][vc_column_text]La presente Cookie policy rivolta agli utenti del sito web (di seguito \u201cinformativa\u201d) ha lo scopo di informarla su come vengono trattati i suoi dati personali quando visita il nostro sito web (di seguito il \u201csito\u201d). A tal proposito, La informiamo che Recrytera S.r.l., che ha sede [&hellip;]\" \/>\n<meta property=\"og:url\" content=\"https:\/\/recrytera.com\/it\/cookie-policy\/\" \/>\n<meta property=\"og:site_name\" content=\"Recrytera\" \/>\n<meta property=\"article:modified_time\" content=\"2025-05-06T15:09:48+00:00\" \/>\n<meta name=\"twitter:card\" content=\"summary_large_image\" \/>\n<meta name=\"twitter:label1\" content=\"Tempo di lettura stimato\" \/>\n\t<meta name=\"twitter:data1\" content=\"3 minuti\" \/>\n<script type=\"application\/ld+json\" class=\"yoast-schema-graph\">{\"@context\":\"https:\/\/schema.org\",\"@graph\":[{\"@type\":\"WebPage\",\"@id\":\"https:\/\/recrytera.com\/it\/cookie-policy\/\",\"url\":\"https:\/\/recrytera.com\/it\/cookie-policy\/\",\"name\":\"Cookie policy - Recrytera\",\"isPartOf\":{\"@id\":\"https:\/\/recrytera.com\/it\/#website\"},\"datePublished\":\"2024-01-17T11:04:06+00:00\",\"dateModified\":\"2025-05-06T15:09:48+00:00\",\"breadcrumb\":{\"@id\":\"https:\/\/recrytera.com\/it\/cookie-policy\/#breadcrumb\"},\"inLanguage\":\"it-IT\",\"potentialAction\":[{\"@type\":\"ReadAction\",\"target\":[\"https:\/\/recrytera.com\/it\/cookie-policy\/\"]}]},{\"@type\":\"BreadcrumbList\",\"@id\":\"https:\/\/recrytera.com\/it\/cookie-policy\/#breadcrumb\",\"itemListElement\":[{\"@type\":\"ListItem\",\"position\":1,\"name\":\"Home\",\"item\":\"https:\/\/recrytera.com\/it\/\"},{\"@type\":\"ListItem\",\"position\":2,\"name\":\"Cookie policy\"}]},{\"@type\":\"WebSite\",\"@id\":\"https:\/\/recrytera.com\/it\/#website\",\"url\":\"https:\/\/recrytera.com\/it\/\",\"name\":\"Recrytera\",\"description\":\"Digital recruiting\",\"potentialAction\":[{\"@type\":\"SearchAction\",\"target\":{\"@type\":\"EntryPoint\",\"urlTemplate\":\"https:\/\/recrytera.com\/it\/?s={search_term_string}\"},\"query-input\":{\"@type\":\"PropertyValueSpecification\",\"valueRequired\":true,\"valueName\":\"search_term_string\"}}],\"inLanguage\":\"it-IT\"}]}<\/script>\n<!-- \/ Yoast SEO plugin. -->","yoast_head_json":{"title":"Cookie policy - Recrytera","robots":{"index":"index","follow":"follow","max-snippet":"max-snippet:-1","max-image-preview":"max-image-preview:large","max-video-preview":"max-video-preview:-1"},"canonical":"https:\/\/recrytera.com\/it\/cookie-policy\/","og_locale":"it_IT","og_type":"article","og_title":"Cookie policy - Recrytera","og_description":"[vc_row css=&#8221;.vc_custom_1705489245334{padding-top: 50px !important;padding-bottom: 50px !important;}&#8221;][vc_column][vc_column_text] Cookie policy [\/vc_column_text][vc_column_text]La presente Cookie policy rivolta agli utenti del sito web (di seguito \u201cinformativa\u201d) ha lo scopo di informarla su come vengono trattati i suoi dati personali quando visita il nostro sito web (di seguito il \u201csito\u201d). A tal proposito, La informiamo che Recrytera S.r.l., che ha sede [&hellip;]","og_url":"https:\/\/recrytera.com\/it\/cookie-policy\/","og_site_name":"Recrytera","article_modified_time":"2025-05-06T15:09:48+00:00","twitter_card":"summary_large_image","twitter_misc":{"Tempo di lettura stimato":"3 minuti"},"schema":{"@context":"https:\/\/schema.org","@graph":[{"@type":"WebPage","@id":"https:\/\/recrytera.com\/it\/cookie-policy\/","url":"https:\/\/recrytera.com\/it\/cookie-policy\/","name":"Cookie policy - Recrytera","isPartOf":{"@id":"https:\/\/recrytera.com\/it\/#website"},"datePublished":"2024-01-17T11:04:06+00:00","dateModified":"2025-05-06T15:09:48+00:00","breadcrumb":{"@id":"https:\/\/recrytera.com\/it\/cookie-policy\/#breadcrumb"},"inLanguage":"it-IT","potentialAction":[{"@type":"ReadAction","target":["https:\/\/recrytera.com\/it\/cookie-policy\/"]}]},{"@type":"BreadcrumbList","@id":"https:\/\/recrytera.com\/it\/cookie-policy\/#breadcrumb","itemListElement":[{"@type":"ListItem","position":1,"name":"Home","item":"https:\/\/recrytera.com\/it\/"},{"@type":"ListItem","position":2,"name":"Cookie policy"}]},{"@type":"WebSite","@id":"https:\/\/recrytera.com\/it\/#website","url":"https:\/\/recrytera.com\/it\/","name":"Recrytera","description":"Digital recruiting","potentialAction":[{"@type":"SearchAction","target":{"@type":"EntryPoint","urlTemplate":"https:\/\/recrytera.com\/it\/?s={search_term_string}"},"query-input":{"@type":"PropertyValueSpecification","valueRequired":true,"valueName":"search_term_string"}}],"inLanguage":"it-IT"}]}},"_links":{"self":[{"href":"https:\/\/recrytera.com\/it\/wp-json\/wp\/v2\/pages\/304","targetHints":{"allow":["GET"]}}],"collection":[{"href":"https:\/\/recrytera.com\/it\/wp-json\/wp\/v2\/pages"}],"about":[{"href":"https:\/\/recrytera.com\/it\/wp-json\/wp\/v2\/types\/page"}],"author":[{"embeddable":true,"href":"https:\/\/recrytera.com\/it\/wp-json\/wp\/v2\/users\/1"}],"replies":[{"embeddable":true,"href":"https:\/\/recrytera.com\/it\/wp-json\/wp\/v2\/comments?post=304"}],"version-history":[{"count":3,"href":"https:\/\/recrytera.com\/it\/wp-json\/wp\/v2\/pages\/304\/revisions"}],"predecessor-version":[{"id":1280,"href":"https:\/\/recrytera.com\/it\/wp-json\/wp\/v2\/pages\/304\/revisions\/1280"}],"wp:attachment":[{"href":"https:\/\/recrytera.com\/it\/wp-json\/wp\/v2\/media?parent=304"}],"curies":[{"name":"wp","href":"https:\/\/api.w.org\/{rel}","templated":true}]}}