{"id":1333,"date":"2025-06-09T14:16:11","date_gmt":"2025-06-09T12:16:11","guid":{"rendered":"https:\/\/recrytera.com\/?page_id=1333"},"modified":"2025-06-24T12:26:43","modified_gmt":"2025-06-24T10:26:43","slug":"dichiarazione-di-accesibilita","status":"publish","type":"page","link":"https:\/\/recrytera.com\/it\/dichiarazione-di-accesibilita\/","title":{"rendered":"Dichiarazione di accesibilit\u00e0"},"content":{"rendered":"<p class=\"mt-5\">Recrytera S.r.l., ai fini della dichiarazione dello stato di accessibilit\u00e0 del presente sito web, redige e pubblica il presente documento in conformit\u00e0 ai contenuti dell\u2019 Allegato 1 alle linee guida sull\u2019accessibilit\u00e0 degli strumenti informatici, che contiene il Modello di dichiarazione di accessibilit\u00e0 sito web e\u00a0applicazione mobile per i soggetti di cui all\u2019art. 3 comma 1-bis della legge 9 gennaio 2004, n. 4, reso disponibile online da AGID.<\/p>\n<p><span data-ccp-props=\"{}\">\u00a0<\/span><\/p>\n<h1><b><span data-contrast=\"auto\">Dichiarazione di Accessibilit\u00e0<\/span><\/b><span data-ccp-props=\"{}\">\u00a0<\/span><\/h1>\n<p><span data-contrast=\"auto\">Recrytera S.r.l. si impegna a rendere il proprio sito web accessibile, conformemente alla legge 9 gennaio 2004, n. 4. La presente dichiarazione di accessibilit\u00e0 si applica a\u00a0<\/span><a href=\"https:\/\/recrytera.com\/it\/\"><span data-contrast=\"none\">https:\/\/recrytera.com<\/span><\/a><span data-contrast=\"auto\">\u00a0<\/span><span data-ccp-props=\"{}\">\u00a0<\/span><\/p>\n<p><span data-ccp-props=\"{}\">\u00a0<\/span><\/p>\n<h2><b><span data-contrast=\"auto\">Stato di conformit\u00e0<\/span><\/b><span data-ccp-props=\"{}\">\u00a0<\/span><\/h2>\n<p><b><span data-contrast=\"auto\">Parzialmente conforme<\/span><\/b><span data-ccp-props=\"{}\">\u00a0<\/span><\/p>\n<p><span data-contrast=\"auto\">Questo sito web \u00e8\u00a0<\/span><b><span data-contrast=\"auto\">parzialmente conforme<\/span><\/b><span data-contrast=\"auto\">\u00a0ai requisiti previsti dall\u2019appendice A della norma UNI CEI EN 301549 in ragione dei casi di non conformit\u00e0 elencati di seguito.<\/span><span data-ccp-props=\"{}\">\u00a0<\/span><\/p>\n<p><span data-ccp-props=\"{}\">\u00a0<\/span><\/p>\n<h3><b><span data-contrast=\"auto\">Contenuti non accessibili<\/span><\/b><span data-ccp-props=\"{}\">\u00a0<\/span><\/h3>\n<p><span data-contrast=\"auto\">I contenuti di seguito elencati non sono accessibili per il seguente motivo:\u00a0<\/span><span data-ccp-props=\"{}\">\u00a0<\/span><\/p>\n<p><b><span data-contrast=\"auto\">inosservanza della legge 9 gennaio 2004, n. 4.<\/span><\/b><span data-ccp-props=\"{}\">\u00a0<\/span><\/p>\n<p><span data-contrast=\"auto\">Non conformit\u00e0 e criteri delle specifiche tecniche di riferimento utilizzate: WCAG 2.1<\/span><span data-ccp-props=\"{}\">\u00a0<\/span><\/p>\n<p><span data-ccp-props=\"{}\">\u00a0<\/span><\/p>\n<h4><b><span data-contrast=\"auto\">1.2.2 Sottotitoli (preregistrati) (Livello A)<\/span><\/b><span data-ccp-props=\"{}\">\u00a0<\/span><\/h4>\n<p><span data-contrast=\"auto\">&#8211; Per il video non sono forniti sottotitoli sincronizzati.<\/span><span data-ccp-props=\"{}\">\u00a0<\/span><\/p>\n<p><span data-ccp-props=\"{}\">\u00a0<\/span><\/p>\n<h4><b><span data-contrast=\"auto\">1.2.3 Audiodescrizione o tipo di media\u00a0 alternativo (preregistrato) (Livello A)<\/span><\/b><span data-ccp-props=\"{}\">\u00a0<\/span><\/h4>\n<p><span data-contrast=\"auto\">&#8211; Il video presenta informazioni solo visive con scritte e immagini senza audio-descrizione o una trascrizione testuale completa (testo che descriva cosa accade nel video, incluse le scritte e i suoni).<\/span><span data-ccp-props=\"{}\">\u00a0<\/span><\/p>\n<p><span data-ccp-props=\"{}\">\u00a0<\/span><\/p>\n<h4><b><span data-contrast=\"auto\">1.3.1 Informazioni e correlazioni (Livello A)<\/span><\/b><span data-ccp-props=\"{}\">\u00a0<\/span><\/h4>\n<p><span data-contrast=\"auto\">&#8211; Elemento contenitore vuoto: nella home page \u00e8 presente un elemento HTML che non contiene alcuna informazione o relazione strutturale utile.<\/span><span data-ccp-props=\"{}\">\u00a0<\/span><\/p>\n<p><span data-ccp-props=\"{}\">\u00a0<\/span><\/p>\n<h4><b><span data-contrast=\"auto\">1.4.3 Contrasto minimo (Livello AA)<\/span><\/b><span data-ccp-props=\"{}\">\u00a0<\/span><\/h4>\n<p><span data-contrast=\"auto\">&#8211; Il contrasto di colore non soddisfa i requisiti minimi: il contrasto di colore tra il testo e lo sfondo di alcuni elementi nelle pagine non \u00e8 sufficiente a soddisfare il requisito minimo di contrasto.<\/span><span data-ccp-props=\"{}\">\u00a0<\/span><\/p>\n<p><span data-contrast=\"auto\">&#8211; Le immagini di testo presenti nel video non hanno un rapporto di contrasto minimo di 4.5:1 rispetto allo sfondo.<\/span><span data-ccp-props=\"{}\">\u00a0<\/span><\/p>\n<p><span data-ccp-props=\"{}\">\u00a0<\/span><\/p>\n<h4><b><span data-contrast=\"auto\">2.5.3 Etichetta nel nome (solo livello AA 2.1)<\/span><\/b><span data-ccp-props=\"{}\">\u00a0<\/span><\/h4>\n<p><span data-contrast=\"auto\">&#8211; L&#8217;etichetta visibile e il nome accessibile di alcuni elementi interattivi non corrispondono.<\/span><span data-ccp-props=\"{}\">\u00a0<\/span><\/p>\n<p><span data-ccp-props=\"{}\">\u00a0<\/span><\/p>\n<p><span data-ccp-props=\"{}\">\u00a0<\/span><\/p>\n<p><span data-ccp-props=\"{}\">\u00a0<\/span><\/p>\n<h2><b><span data-contrast=\"auto\">Redazione della dichiarazione di accessibilit\u00e0<\/span><\/b><span data-ccp-props=\"{}\">\u00a0<\/span><\/h2>\n<p><span data-contrast=\"auto\">La presente dichiarazione \u00e8 stata redatta il 04\/06\/2025.<\/span><span data-ccp-props=\"{}\">\u00a0<\/span><\/p>\n<p><span data-contrast=\"auto\">La dichiarazione \u00e8 stata redatta sulla base di una valutazione effettuata da terzi.<\/span><span data-ccp-props=\"{}\">\u00a0<\/span><\/p>\n<p><span data-ccp-props=\"{}\">\u00a0<\/span><\/p>\n<h2><b><span data-contrast=\"auto\">Modalit\u00e0 di invio delle segnalazioni e recapiti del soggetto erogatore<\/span><\/b><span data-ccp-props=\"{}\">\u00a0<\/span><\/h2>\n<p><span data-contrast=\"auto\">Gli utenti possono segnalare a Recrytera S.r.l., soggetto erogatore del sito web, i problemi di accessibilit\u00e0 e i casi di mancata conformit\u00e0 all\u2019indirizzo e-mail: <a href=\"mailto:accessibility@recrytera.com\">accessibilita@recrytera.com<\/a><\/span><span data-ccp-props=\"{}\">\u00a0<\/span><\/p>\n<p><span data-ccp-props=\"{}\">\u00a0<\/span><\/p>\n<p><span data-contrast=\"auto\">Nel testo della mail occorre riportare le seguenti informazioni:<\/span><span data-ccp-props=\"{}\">\u00a0<\/span><\/p>\n<p><span data-contrast=\"auto\">&#8211; URL della pagina web o sezioni del sito oggetto della segnalazione<\/span><span data-ccp-props=\"{}\">\u00a0<\/span><\/p>\n<p><span data-contrast=\"auto\">&#8211; Descrizione chiara e sintetica del problema riscontrato<\/span><span data-ccp-props=\"{}\">\u00a0<\/span><\/p>\n<p><span data-contrast=\"auto\">&#8211; Strumenti in dotazione (sistema operativo, browser e tecnologie assistive utilizzate)<\/span><span data-ccp-props=\"{}\">\u00a0<\/span><\/p>\n<p><span data-ccp-props=\"{}\">\u00a0<\/span><\/p>\n<p><span data-contrast=\"auto\">Il trattamento dei dati personali avverr\u00e0 come da\u00a0<\/span><a href=\"https:\/\/recrytera.com\/it\/privacy-policy\/\"><span data-contrast=\"none\">informativa privacy<\/span><\/a><span data-contrast=\"auto\">.<\/span><span data-ccp-props=\"{}\">\u00a0<\/span><\/p>\n<p><span data-ccp-props=\"{}\">\u00a0<\/span><\/p>\n<p><span data-contrast=\"auto\">Recapiti del responsabile delle segnalazioni inoltrate dagli utenti:<\/span><span data-ccp-props=\"{}\">\u00a0<\/span><\/p>\n<p><span data-contrast=\"auto\">il responsabile pu\u00f2 essere contattato all\u2019indirizzo e-mail sopra fornito.<\/span><span data-ccp-props=\"{}\">\u00a0<\/span><\/p>\n<p><span data-ccp-props=\"{}\">\u00a0<\/span><\/p>\n<h3><b><span data-contrast=\"auto\">Modalit\u00e0 di invio delle segnalazioni all\u2019AgID\u00a0<\/span><\/b><span data-ccp-props=\"{}\">\u00a0<\/span><\/h3>\n<p><span data-contrast=\"auto\">In caso di risposta insoddisfacente o di mancata risposta, nel termine di trenta giorni, alla notifica o\u00a0<\/span><span data-ccp-props=\"{}\">\u00a0<\/span><\/p>\n<p><span data-contrast=\"auto\">alla richiesta, l\u2019interessato pu\u00f2 inoltrare una segnalazione utilizzando il seguente link: https:\/\/www.agid.gov.it\/<\/span><span data-ccp-props=\"{}\">\u00a0<\/span><\/p>\n<p><span data-ccp-props=\"{}\">\u00a0<\/span><\/p>\n<h2><b><span data-contrast=\"auto\">Informazioni sul sito<\/span><\/b><span data-ccp-props=\"{}\">\u00a0<\/span><\/h2>\n<p><span data-contrast=\"auto\">Data di pubblicazione del sito web: 20-12-2023<\/span><span data-ccp-props=\"{}\">\u00a0<\/span><\/p>\n<p><span data-contrast=\"auto\">Sono stati effettuati i test di usabilit\u00e0? no<\/span><span data-ccp-props=\"{}\">\u00a0<\/span><\/p>\n<p><span data-contrast=\"auto\">CMS utilizzato per il sito web: WordPress<\/span><span data-ccp-props=\"{}\">\u00a0<\/span><\/p>\n<p><span data-ccp-props=\"{}\">\u00a0<\/span><\/p>\n<h2><b><span data-contrast=\"auto\">Informazioni sulla struttura<\/span><\/b><span data-ccp-props=\"{}\">\u00a0<\/span><\/h2>\n<p><span data-contrast=\"auto\">Numero di dipendenti con disabilit\u00e0 presenti nell\u2019amministrazione: 4<\/span><span data-ccp-props=\"{}\">\u00a0<\/span><\/p>\n<p><span data-contrast=\"auto\">Numero di postazioni di lavoro per dipendenti con disabilit\u00e0: 4<\/span><span data-ccp-props=\"{}\">\u00a0<\/span><\/p>\n","protected":false},"excerpt":{"rendered":"<p>Recrytera S.r.l., ai fini della dichiarazione dello stato di accessibilit\u00e0 del presente sito web, redige e pubblica il presente documento in conformit\u00e0 ai contenuti dell\u2019 Allegato 1 alle linee guida sull\u2019accessibilit\u00e0 degli strumenti informatici, che contiene il Modello di dichiarazione di accessibilit\u00e0 sito web e\u00a0applicazione mobile per i soggetti di cui all\u2019art. 3 comma 1-bis [&hellip;]<\/p>\n","protected":false},"author":1,"featured_media":0,"parent":0,"menu_order":999,"comment_status":"closed","ping_status":"closed","template":"","meta":{"_acf_changed":false,"inline_featured_image":false,"footnotes":""},"class_list":["post-1333","page","type-page","status-publish","hentry"],"acf":[],"yoast_head":"<!-- This site is optimized with the Yoast SEO plugin v27.1.1 - https:\/\/yoast.com\/product\/yoast-seo-wordpress\/ -->\n<title>Dichiarazione di accesibilit\u00e0 - Recrytera<\/title>\n<meta name=\"robots\" content=\"index, follow, max-snippet:-1, max-image-preview:large, max-video-preview:-1\" \/>\n<link rel=\"canonical\" href=\"https:\/\/recrytera.com\/it\/dichiarazione-di-accesibilita\/\" \/>\n<meta property=\"og:locale\" content=\"it_IT\" \/>\n<meta property=\"og:type\" content=\"article\" \/>\n<meta property=\"og:title\" content=\"Dichiarazione di accesibilit\u00e0 - Recrytera\" \/>\n<meta property=\"og:description\" content=\"Recrytera S.r.l., ai fini della dichiarazione dello stato di accessibilit\u00e0 del presente sito web, redige e pubblica il presente documento in conformit\u00e0 ai contenuti dell\u2019 Allegato 1 alle linee guida sull\u2019accessibilit\u00e0 degli strumenti informatici, che contiene il Modello di dichiarazione di accessibilit\u00e0 sito web e\u00a0applicazione mobile per i soggetti di cui all\u2019art. 3 comma 1-bis [&hellip;]\" \/>\n<meta property=\"og:url\" content=\"https:\/\/recrytera.com\/it\/dichiarazione-di-accesibilita\/\" \/>\n<meta property=\"og:site_name\" content=\"Recrytera\" \/>\n<meta property=\"article:modified_time\" content=\"2025-06-24T10:26:43+00:00\" \/>\n<meta name=\"twitter:card\" content=\"summary_large_image\" \/>\n<meta name=\"twitter:label1\" content=\"Tempo di lettura stimato\" \/>\n\t<meta name=\"twitter:data1\" content=\"3 minuti\" \/>\n<script type=\"application\/ld+json\" class=\"yoast-schema-graph\">{\"@context\":\"https:\/\/schema.org\",\"@graph\":[{\"@type\":\"WebPage\",\"@id\":\"https:\/\/recrytera.com\/it\/dichiarazione-di-accesibilita\/\",\"url\":\"https:\/\/recrytera.com\/it\/dichiarazione-di-accesibilita\/\",\"name\":\"Dichiarazione di accesibilit\u00e0 - Recrytera\",\"isPartOf\":{\"@id\":\"https:\/\/recrytera.com\/it\/#website\"},\"datePublished\":\"2025-06-09T12:16:11+00:00\",\"dateModified\":\"2025-06-24T10:26:43+00:00\",\"breadcrumb\":{\"@id\":\"https:\/\/recrytera.com\/it\/dichiarazione-di-accesibilita\/#breadcrumb\"},\"inLanguage\":\"it-IT\",\"potentialAction\":[{\"@type\":\"ReadAction\",\"target\":[\"https:\/\/recrytera.com\/it\/dichiarazione-di-accesibilita\/\"]}]},{\"@type\":\"BreadcrumbList\",\"@id\":\"https:\/\/recrytera.com\/it\/dichiarazione-di-accesibilita\/#breadcrumb\",\"itemListElement\":[{\"@type\":\"ListItem\",\"position\":1,\"name\":\"Home\",\"item\":\"https:\/\/recrytera.com\/it\/\"},{\"@type\":\"ListItem\",\"position\":2,\"name\":\"Dichiarazione di accesibilit\u00e0\"}]},{\"@type\":\"WebSite\",\"@id\":\"https:\/\/recrytera.com\/it\/#website\",\"url\":\"https:\/\/recrytera.com\/it\/\",\"name\":\"Recrytera\",\"description\":\"Digital recruiting\",\"potentialAction\":[{\"@type\":\"SearchAction\",\"target\":{\"@type\":\"EntryPoint\",\"urlTemplate\":\"https:\/\/recrytera.com\/it\/?s={search_term_string}\"},\"query-input\":{\"@type\":\"PropertyValueSpecification\",\"valueRequired\":true,\"valueName\":\"search_term_string\"}}],\"inLanguage\":\"it-IT\"}]}<\/script>\n<!-- \/ Yoast SEO plugin. -->","yoast_head_json":{"title":"Dichiarazione di accesibilit\u00e0 - Recrytera","robots":{"index":"index","follow":"follow","max-snippet":"max-snippet:-1","max-image-preview":"max-image-preview:large","max-video-preview":"max-video-preview:-1"},"canonical":"https:\/\/recrytera.com\/it\/dichiarazione-di-accesibilita\/","og_locale":"it_IT","og_type":"article","og_title":"Dichiarazione di accesibilit\u00e0 - Recrytera","og_description":"Recrytera S.r.l., ai fini della dichiarazione dello stato di accessibilit\u00e0 del presente sito web, redige e pubblica il presente documento in conformit\u00e0 ai contenuti dell\u2019 Allegato 1 alle linee guida sull\u2019accessibilit\u00e0 degli strumenti informatici, che contiene il Modello di dichiarazione di accessibilit\u00e0 sito web e\u00a0applicazione mobile per i soggetti di cui all\u2019art. 3 comma 1-bis [&hellip;]","og_url":"https:\/\/recrytera.com\/it\/dichiarazione-di-accesibilita\/","og_site_name":"Recrytera","article_modified_time":"2025-06-24T10:26:43+00:00","twitter_card":"summary_large_image","twitter_misc":{"Tempo di lettura stimato":"3 minuti"},"schema":{"@context":"https:\/\/schema.org","@graph":[{"@type":"WebPage","@id":"https:\/\/recrytera.com\/it\/dichiarazione-di-accesibilita\/","url":"https:\/\/recrytera.com\/it\/dichiarazione-di-accesibilita\/","name":"Dichiarazione di accesibilit\u00e0 - Recrytera","isPartOf":{"@id":"https:\/\/recrytera.com\/it\/#website"},"datePublished":"2025-06-09T12:16:11+00:00","dateModified":"2025-06-24T10:26:43+00:00","breadcrumb":{"@id":"https:\/\/recrytera.com\/it\/dichiarazione-di-accesibilita\/#breadcrumb"},"inLanguage":"it-IT","potentialAction":[{"@type":"ReadAction","target":["https:\/\/recrytera.com\/it\/dichiarazione-di-accesibilita\/"]}]},{"@type":"BreadcrumbList","@id":"https:\/\/recrytera.com\/it\/dichiarazione-di-accesibilita\/#breadcrumb","itemListElement":[{"@type":"ListItem","position":1,"name":"Home","item":"https:\/\/recrytera.com\/it\/"},{"@type":"ListItem","position":2,"name":"Dichiarazione di accesibilit\u00e0"}]},{"@type":"WebSite","@id":"https:\/\/recrytera.com\/it\/#website","url":"https:\/\/recrytera.com\/it\/","name":"Recrytera","description":"Digital recruiting","potentialAction":[{"@type":"SearchAction","target":{"@type":"EntryPoint","urlTemplate":"https:\/\/recrytera.com\/it\/?s={search_term_string}"},"query-input":{"@type":"PropertyValueSpecification","valueRequired":true,"valueName":"search_term_string"}}],"inLanguage":"it-IT"}]}},"_links":{"self":[{"href":"https:\/\/recrytera.com\/it\/wp-json\/wp\/v2\/pages\/1333","targetHints":{"allow":["GET"]}}],"collection":[{"href":"https:\/\/recrytera.com\/it\/wp-json\/wp\/v2\/pages"}],"about":[{"href":"https:\/\/recrytera.com\/it\/wp-json\/wp\/v2\/types\/page"}],"author":[{"embeddable":true,"href":"https:\/\/recrytera.com\/it\/wp-json\/wp\/v2\/users\/1"}],"replies":[{"embeddable":true,"href":"https:\/\/recrytera.com\/it\/wp-json\/wp\/v2\/comments?post=1333"}],"version-history":[{"count":7,"href":"https:\/\/recrytera.com\/it\/wp-json\/wp\/v2\/pages\/1333\/revisions"}],"predecessor-version":[{"id":1356,"href":"https:\/\/recrytera.com\/it\/wp-json\/wp\/v2\/pages\/1333\/revisions\/1356"}],"wp:attachment":[{"href":"https:\/\/recrytera.com\/it\/wp-json\/wp\/v2\/media?parent=1333"}],"curies":[{"name":"wp","href":"https:\/\/api.w.org\/{rel}","templated":true}]}}