{"id":857,"date":"2024-01-17T12:04:06","date_gmt":"2024-01-17T11:04:06","guid":{"rendered":"https:\/\/recrytera.com\/cookie-policy\/"},"modified":"2025-05-06T17:09:10","modified_gmt":"2025-05-06T15:09:10","slug":"cookie-policy","status":"publish","type":"page","link":"https:\/\/recrytera.com\/fr\/cookie-policy\/","title":{"rendered":"Cookie policy"},"content":{"rendered":"<div class=\"wpb-content-wrapper\"><p>[vc_row css=\u00a0\u00bb.vc_custom_1705489245334{padding-top: 50px !important;padding-bottom: 50px !important;}\u00a0\u00bb][vc_column][vc_column_text]<\/p>\n<h1>Cookie policy<\/h1>\n<p>[\/vc_column_text][vc_column_text css=\u00a0\u00bb\u00a0\u00bb]La pr\u00e9sente politique en mati\u00e8re de cookies adress\u00e9e aux utilisateurs du site web (ci-apr\u00e8s d\u00e9nomm\u00e9e \u00ab politique \u00bb) a pour objet de vous informer sur la mani\u00e8re dont nous traitons vos donn\u00e9es personnelles lorsque vous visitez notre site web (ci-apr\u00e8s d\u00e9nomm\u00e9 \u00ab site \u00bb).<\/p>\n<p>\u00c0 cet \u00e9gard, nous vous informons que Recrytera S.r.l., dont le si\u00e8ge social est situ\u00e9 Via Erasmo Piaggio n. 35 &#8211; 66100 Chieti (CH), est le responsable du traitement de vos donn\u00e9es \u00e0 caract\u00e8re personnel. [\/vc_column_text][vc_column_text css=\u00a0\u00bb\u00a0\u00bb]<\/p>\n<h2>1-1-NOUS UTILISONS DES COOKIES?<\/h2>\n<p>Comme indiqu\u00e9 dans notre politique de confidentialit\u00e9, nous n&rsquo;utilisons que des cookies techniques sur notre site web.<\/p>\n<p>Les cookies techniques sont des cookies qui servent \u00e0 permettre la navigation sur le site web et ses fonctionnalit\u00e9s habituelles (par exemple, les cookies de pr\u00e9f\u00e9rence linguistique). Ils ne sont pas utilis\u00e9s \u00e0 d&rsquo;autres fins.<\/p>\n<p>Plus pr\u00e9cis\u00e9ment, nous utilisons les cookies techniques suivants:<\/p>\n<p>[wcc_category_list][\/vc_column_text][vc_column_text css=\u00a0\u00bb\u00a0\u00bb]<\/p>\n<h2>2-CONSENSUS<\/h2>\n<p>Pour l&rsquo;installation des cookies techniques, le consentement des utilisateurs n&rsquo;est pas requis, alors qu&rsquo;il est toujours n\u00e9cessaire de fournir des informations (art. 13 du r\u00e8glement UE 2016\/679).<\/p>\n<p>Les utilisateurs peuvent d\u00e9cider de d\u00e9sactiver les cookies techniques en utilisant les param\u00e8tres de leur navigateur. Cependant, la d\u00e9sactivation totale ou partielle des cookies techniques peut compromettre l&rsquo;utilisation des fonctionnalit\u00e9s du site.[\/vc_column_text][vc_column_text css=\u00a0\u00bb\u00a0\u00bb]<\/p>\n<h2>3-PLUGINS DE TIERS<\/h2>\n<p>Le site incorpore des plugins et\/ou des boutons de tiers: des plugins des r\u00e9seaux sociaux les plus populaires dans le seul but de permettre \u00e0 l&rsquo;utilisateur de continuer \u00e0 suivre notre contenu.<\/p>\n<p>Ces services vous permettent d&rsquo;interagir avec des r\u00e9seaux sociaux ou d&rsquo;autres plateformes externes directement \u00e0 partir des pages de ce site web. Si un service d&rsquo;interaction avec des plateformes externes est install\u00e9, il est possible que, m\u00eame si les utilisateurs ne l&rsquo;utilisent pas, il collecte des donn\u00e9es de trafic relatives aux pages o\u00f9 il est install\u00e9.<\/p>\n<p>La collecte et l&rsquo;utilisation d&rsquo;informations par ces tiers sont r\u00e9gies par leurs politiques respectives en mati\u00e8re de cookies, auxquelles il convient de se r\u00e9f\u00e9rer:<\/p>\n<ul>\n<li><strong>LinkedIn<\/strong> (<a href=\"https:\/\/www.linkedin.com\/legal\/privacy-policy\">Link privacy policy<\/a>; <a href=\"https:\/\/www.linkedin.com\/legal\/cookie-policy\">Link Cookie Policy<\/a>)<\/li>\n<\/ul>\n<p>[\/vc_column_text][vc_column_text css=\u00a0\u00bb\u00a0\u00bb]<\/p>\n<h2>4-QUELS SONT VOS DROITS?<\/h2>\n<p>Conform\u00e9ment au cadre juridique applicable en mati\u00e8re de protection des donn\u00e9es, en particulier le GDPR, vous disposez des droits suivants en tant que personne concern\u00e9e:<\/p>\n<ul>\n<li>Vous pouvez demander l&rsquo;acc\u00e8s \u00e0 vos donn\u00e9es \u00e0 caract\u00e8re personnel et demander leur rectification ou leur suppression.<\/li>\n<li>Vous avez \u00e9galement le droit de demander la limitation du traitement de vos donn\u00e9es \u00e0 caract\u00e8re personnel ou de vous y opposer.<\/li>\n<li>Vous avez le droit \u00e0 la portabilit\u00e9 de vos donn\u00e9es personnelles.<\/li>\n<li>Si le traitement de vos donn\u00e9es \u00e0 caract\u00e8re personnel est fond\u00e9 sur votre consentement, vous pouvez le r\u00e9voquer \u00e0 tout moment, sans pr\u00e9judice de la l\u00e9galit\u00e9 du traitement fond\u00e9 sur le consentement donn\u00e9 avant la r\u00e9vocation.<\/li>\n<\/ul>\n<p>Pour exercer vos droits, veuillez nous contacter en utilisant les coordonn\u00e9es indiqu\u00e9es \u00e0 la section 5 (Comment nous contacter ?). Afin de traiter votre demande le plus efficacement possible, nous pouvons vous demander quelques informations suppl\u00e9mentaires pour confirmer votre identit\u00e9 et\/ou vous aider \u00e0 localiser les donn\u00e9es \u00e0 caract\u00e8re personnel qui font l&rsquo;objet de votre demande.<\/p>\n<p>Dans tous les cas, nous vous rappelons que vous pouvez d\u00e9poser une plainte aupr\u00e8s de l&rsquo;autorit\u00e9 de contr\u00f4le comp\u00e9tente.<\/p>\n<p>L&rsquo;autorit\u00e9 de contr\u00f4le en Italie peut \u00eatre contact\u00e9e \u00e0 l&rsquo;adresse suivante:\u00a0<a href=\"https:\/\/www.garanteprivacy.it\/\">https:\/\/www.garanteprivacy.it\/<\/a>.[\/vc_column_text][vc_column_text css=\u00a0\u00bb\u00a0\u00bb]<\/p>\n<h2>5-COMMENT NOUS CONTACTER?<\/h2>\n<p>Vous pouvez contacter notre \u00e9quipe de protection des donn\u00e9es \u00e0 l\u2019adresse e-mail suivante: <a href=\"mailto:privacy@concorsismart.it\">privacy@concorsismart.it<\/a>[\/vc_column_text][vc_column_text css=\u00a0\u00bb\u00a0\u00bb]<\/p>\n<h2>6-MODIFICATIONS DE LA PR\u00c9SENTE POLITIQUE EN MATI\u00c8RE DE COOKIES<\/h2>\n<p>Le responsable du traitement des donn\u00e9es se r\u00e9serve le droit d&rsquo;apporter \u00e0 tout moment des modifications \u00e0 la pr\u00e9sente politique en mati\u00e8re de cookies en les publiant sur cette page.[\/vc_column_text][vc_column_text css=\u00a0\u00bb\u00a0\u00bb]<strong>Version actualle:<\/strong> Cookie policy \u2013 v.1<br \/>\n<strong>Derni\u00e8re mise \u00e0 jour:<\/strong> janvier 2024[\/vc_column_text][\/vc_column][\/vc_row]<\/p>\n<\/div>","protected":false},"excerpt":{"rendered":"<p>[vc_row css=\u00a0\u00bb.vc_custom_1705489245334{padding-top: 50px !important;padding-bottom: 50px !important;}\u00a0\u00bb][vc_column][vc_column_text] Cookie policy [\/vc_column_text][vc_column_text css=\u00a0\u00bb\u00a0\u00bb]La pr\u00e9sente politique en mati\u00e8re de cookies adress\u00e9e aux utilisateurs du site web (ci-apr\u00e8s d\u00e9nomm\u00e9e \u00ab politique \u00bb) a pour objet de vous informer sur la mani\u00e8re dont nous traitons vos donn\u00e9es personnelles lorsque vous visitez notre site web (ci-apr\u00e8s d\u00e9nomm\u00e9 \u00ab site \u00bb). \u00c0 cet [&hellip;]<\/p>\n","protected":false},"author":1,"featured_media":0,"parent":0,"menu_order":998,"comment_status":"closed","ping_status":"closed","template":"fullwidth.php","meta":{"_acf_changed":false,"inline_featured_image":false,"footnotes":""},"class_list":["post-857","page","type-page","status-publish","hentry"],"acf":[],"yoast_head":"<!-- This site is optimized with the Yoast SEO plugin v27.3 - https:\/\/yoast.com\/product\/yoast-seo-wordpress\/ -->\n<title>Cookie policy - Recrytera<\/title>\n<meta name=\"robots\" content=\"index, follow, max-snippet:-1, max-image-preview:large, max-video-preview:-1\" \/>\n<link rel=\"canonical\" href=\"https:\/\/recrytera.com\/fr\/cookie-policy\/\" \/>\n<meta property=\"og:locale\" content=\"fr_FR\" \/>\n<meta property=\"og:type\" content=\"article\" \/>\n<meta property=\"og:title\" content=\"Cookie policy - Recrytera\" \/>\n<meta property=\"og:description\" content=\"[vc_row css=\u00a0\u00bb.vc_custom_1705489245334{padding-top: 50px !important;padding-bottom: 50px !important;}\u00a0\u00bb][vc_column][vc_column_text] Cookie policy [\/vc_column_text][vc_column_text css=\u00a0\u00bb\u00a0\u00bb]La pr\u00e9sente politique en mati\u00e8re de cookies adress\u00e9e aux utilisateurs du site web (ci-apr\u00e8s d\u00e9nomm\u00e9e \u00ab politique \u00bb) a pour objet de vous informer sur la mani\u00e8re dont nous traitons vos donn\u00e9es personnelles lorsque vous visitez notre site web (ci-apr\u00e8s d\u00e9nomm\u00e9 \u00ab site \u00bb). \u00c0 cet [&hellip;]\" \/>\n<meta property=\"og:url\" content=\"https:\/\/recrytera.com\/fr\/cookie-policy\/\" \/>\n<meta property=\"og:site_name\" content=\"Recrytera\" \/>\n<meta property=\"article:modified_time\" content=\"2025-05-06T15:09:10+00:00\" \/>\n<meta name=\"twitter:card\" content=\"summary_large_image\" \/>\n<meta name=\"twitter:label1\" content=\"Dur\u00e9e de lecture estim\u00e9e\" \/>\n\t<meta name=\"twitter:data1\" content=\"4 minutes\" \/>\n<script type=\"application\/ld+json\" class=\"yoast-schema-graph\">{\"@context\":\"https:\\\/\\\/schema.org\",\"@graph\":[{\"@type\":\"WebPage\",\"@id\":\"https:\\\/\\\/recrytera.com\\\/fr\\\/cookie-policy\\\/\",\"url\":\"https:\\\/\\\/recrytera.com\\\/fr\\\/cookie-policy\\\/\",\"name\":\"Cookie policy - Recrytera\",\"isPartOf\":{\"@id\":\"https:\\\/\\\/recrytera.com\\\/fr\\\/#website\"},\"datePublished\":\"2024-01-17T11:04:06+00:00\",\"dateModified\":\"2025-05-06T15:09:10+00:00\",\"breadcrumb\":{\"@id\":\"https:\\\/\\\/recrytera.com\\\/fr\\\/cookie-policy\\\/#breadcrumb\"},\"inLanguage\":\"fr-FR\",\"potentialAction\":[{\"@type\":\"ReadAction\",\"target\":[\"https:\\\/\\\/recrytera.com\\\/fr\\\/cookie-policy\\\/\"]}]},{\"@type\":\"BreadcrumbList\",\"@id\":\"https:\\\/\\\/recrytera.com\\\/fr\\\/cookie-policy\\\/#breadcrumb\",\"itemListElement\":[{\"@type\":\"ListItem\",\"position\":1,\"name\":\"Home\",\"item\":\"https:\\\/\\\/recrytera.com\\\/fr\\\/\"},{\"@type\":\"ListItem\",\"position\":2,\"name\":\"Cookie policy\"}]},{\"@type\":\"WebSite\",\"@id\":\"https:\\\/\\\/recrytera.com\\\/fr\\\/#website\",\"url\":\"https:\\\/\\\/recrytera.com\\\/fr\\\/\",\"name\":\"Recrytera\",\"description\":\"Digital recruiting\",\"potentialAction\":[{\"@type\":\"SearchAction\",\"target\":{\"@type\":\"EntryPoint\",\"urlTemplate\":\"https:\\\/\\\/recrytera.com\\\/fr\\\/?s={search_term_string}\"},\"query-input\":{\"@type\":\"PropertyValueSpecification\",\"valueRequired\":true,\"valueName\":\"search_term_string\"}}],\"inLanguage\":\"fr-FR\"}]}<\/script>\n<!-- \/ Yoast SEO plugin. -->","yoast_head_json":{"title":"Cookie policy - Recrytera","robots":{"index":"index","follow":"follow","max-snippet":"max-snippet:-1","max-image-preview":"max-image-preview:large","max-video-preview":"max-video-preview:-1"},"canonical":"https:\/\/recrytera.com\/fr\/cookie-policy\/","og_locale":"fr_FR","og_type":"article","og_title":"Cookie policy - Recrytera","og_description":"[vc_row css=\u00a0\u00bb.vc_custom_1705489245334{padding-top: 50px !important;padding-bottom: 50px !important;}\u00a0\u00bb][vc_column][vc_column_text] Cookie policy [\/vc_column_text][vc_column_text css=\u00a0\u00bb\u00a0\u00bb]La pr\u00e9sente politique en mati\u00e8re de cookies adress\u00e9e aux utilisateurs du site web (ci-apr\u00e8s d\u00e9nomm\u00e9e \u00ab politique \u00bb) a pour objet de vous informer sur la mani\u00e8re dont nous traitons vos donn\u00e9es personnelles lorsque vous visitez notre site web (ci-apr\u00e8s d\u00e9nomm\u00e9 \u00ab site \u00bb). \u00c0 cet [&hellip;]","og_url":"https:\/\/recrytera.com\/fr\/cookie-policy\/","og_site_name":"Recrytera","article_modified_time":"2025-05-06T15:09:10+00:00","twitter_card":"summary_large_image","twitter_misc":{"Dur\u00e9e de lecture estim\u00e9e":"4 minutes"},"schema":{"@context":"https:\/\/schema.org","@graph":[{"@type":"WebPage","@id":"https:\/\/recrytera.com\/fr\/cookie-policy\/","url":"https:\/\/recrytera.com\/fr\/cookie-policy\/","name":"Cookie policy - Recrytera","isPartOf":{"@id":"https:\/\/recrytera.com\/fr\/#website"},"datePublished":"2024-01-17T11:04:06+00:00","dateModified":"2025-05-06T15:09:10+00:00","breadcrumb":{"@id":"https:\/\/recrytera.com\/fr\/cookie-policy\/#breadcrumb"},"inLanguage":"fr-FR","potentialAction":[{"@type":"ReadAction","target":["https:\/\/recrytera.com\/fr\/cookie-policy\/"]}]},{"@type":"BreadcrumbList","@id":"https:\/\/recrytera.com\/fr\/cookie-policy\/#breadcrumb","itemListElement":[{"@type":"ListItem","position":1,"name":"Home","item":"https:\/\/recrytera.com\/fr\/"},{"@type":"ListItem","position":2,"name":"Cookie policy"}]},{"@type":"WebSite","@id":"https:\/\/recrytera.com\/fr\/#website","url":"https:\/\/recrytera.com\/fr\/","name":"Recrytera","description":"Digital recruiting","potentialAction":[{"@type":"SearchAction","target":{"@type":"EntryPoint","urlTemplate":"https:\/\/recrytera.com\/fr\/?s={search_term_string}"},"query-input":{"@type":"PropertyValueSpecification","valueRequired":true,"valueName":"search_term_string"}}],"inLanguage":"fr-FR"}]}},"_links":{"self":[{"href":"https:\/\/recrytera.com\/fr\/wp-json\/wp\/v2\/pages\/857","targetHints":{"allow":["GET"]}}],"collection":[{"href":"https:\/\/recrytera.com\/fr\/wp-json\/wp\/v2\/pages"}],"about":[{"href":"https:\/\/recrytera.com\/fr\/wp-json\/wp\/v2\/types\/page"}],"author":[{"embeddable":true,"href":"https:\/\/recrytera.com\/fr\/wp-json\/wp\/v2\/users\/1"}],"replies":[{"embeddable":true,"href":"https:\/\/recrytera.com\/fr\/wp-json\/wp\/v2\/comments?post=857"}],"version-history":[{"count":3,"href":"https:\/\/recrytera.com\/fr\/wp-json\/wp\/v2\/pages\/857\/revisions"}],"predecessor-version":[{"id":1278,"href":"https:\/\/recrytera.com\/fr\/wp-json\/wp\/v2\/pages\/857\/revisions\/1278"}],"wp:attachment":[{"href":"https:\/\/recrytera.com\/fr\/wp-json\/wp\/v2\/media?parent=857"}],"curies":[{"name":"wp","href":"https:\/\/api.w.org\/{rel}","templated":true}]}}