{"id":1048,"date":"2024-01-17T12:04:06","date_gmt":"2024-01-17T11:04:06","guid":{"rendered":"https:\/\/recrytera.com\/cookie-policy\/"},"modified":"2025-05-06T17:09:29","modified_gmt":"2025-05-06T15:09:29","slug":"cookie-policy","status":"publish","type":"page","link":"https:\/\/recrytera.com\/es\/cookie-policy\/","title":{"rendered":"Cookie policy"},"content":{"rendered":"<div class=\"wpb-content-wrapper\"><p>[vc_row css=\u00bb.vc_custom_1705489245334{padding-top: 50px !important;padding-bottom: 50px !important;}\u00bb][vc_column][vc_column_text css=\u00bb\u00bb]<\/p>\n<h1>POL\u00cdTICA DE COOKIES<\/h1>\n<p>[\/vc_column_text][vc_column_text css=\u00bb\u00bb]La presente Pol\u00edtica de Cookies dirigida a los usuarios del sitio web (en adelante, \u00ab<strong>pol\u00edtica<\/strong>\u00ab) tiene como objetivo informarle sobre el tratamiento de sus datos personales cuando visita nuestro sitio web (en adelante, el \u00ab<strong>sitio<\/strong>\u00ab).<br \/>\nEn este sentido, le informamos que <strong>Recrytera S.r.l.<\/strong>, con sede en Via Erasmo Piaggio n. 35 &#8211; 66100 Chieti (CH), act\u00faa como responsable del tratamiento de sus datos personales.[\/vc_column_text][vc_column_text css=\u00bb\u00bb]<\/p>\n<h2>1-\u00bfUTILIZAMOS COOKIES?<\/h2>\n<p>Como se especifica en nuestra pol\u00edtica de privacidad, utilizamos exclusivamente <strong>cookies t\u00e9cnicas<\/strong> en nuestro sitio.<br \/>\nLas cookies t\u00e9cnicas son necesarias para permitir la navegaci\u00f3n y el correcto funcionamiento del sitio web (por ejemplo, cookies de preferencia de idioma). No se utilizan para otros fines.<br \/>\nEn concreto, utilizamos las siguientes cookies t\u00e9cnicas:<\/p>\n<p>[wcc_category_list][\/vc_column_text][vc_column_text css=\u00bb\u00bb]<\/p>\n<h2>2-CONSENTIMIENTO<\/h2>\n<p>Para la instalaci\u00f3n de <strong>cookies t\u00e9cnicas<\/strong> no se requiere el consentimiento de los usuarios, aunque es necesario proporcionar informaci\u00f3n conforme al art. 13 del Reglamento UE 2016\/679.<br \/>\nEl usuario puede decidir si deshabilitar las cookies t\u00e9cnicas a trav\u00e9s de la configuraci\u00f3n de su navegador. No obstante, la deshabilitaci\u00f3n total o parcial de estas cookies podr\u00eda afectar el funcionamiento del sitio.[\/vc_column_text][vc_column_text css=\u00bb\u00bb]<\/p>\n<h2>3-PLUGIN DI TERZE PARTI<\/h2>\n<p>El sitio <strong>incorpora plugins y\/o botones de terceros<\/strong>, como los de redes sociales, para permitir a los usuarios seguir nuestros contenidos en otras plataformas.<br \/>\nEstos servicios permiten interacciones con redes sociales u otras plataformas externas directamente desde este sitio web. En caso de que se instale un servicio de interacci\u00f3n con plataformas externas, es posible que, incluso si los usuarios no lo utilizan, dicho servicio recopile datos de tr\u00e1fico sobre las p\u00e1ginas en las que est\u00e1 instalado.<br \/>\nLa recopilaci\u00f3n y el uso de informaci\u00f3n por parte de terceros est\u00e1 regulada por sus respectivas pol\u00edticas de cookies:<\/p>\n<ul>\n<li><strong>LinkedIn<\/strong> (<a href=\"https:\/\/www.linkedin.com\/legal\/privacy-policy\">Link privacy policy<\/a>; <a href=\"https:\/\/www.linkedin.com\/legal\/cookie-policy\">Link Cookie Policy<\/a>)<\/li>\n<\/ul>\n<p>[\/vc_column_text][vc_column_text css=\u00bb\u00bb]<\/p>\n<h2>4-\u00bfCU\u00c1LES SON SUS DERECHOS?<\/h2>\n<p>De acuerdo con el marco legal aplicable en materia de protecci\u00f3n de datos, en particular el GDPR, usted dispone de los siguientes derechos:<\/p>\n<ul>\n<li>Solicitar acceso a sus datos personales, as\u00ed como su rectificaci\u00f3n o eliminaci\u00f3n.<\/li>\n<li>Solicitar la limitaci\u00f3n del tratamiento o <strong>oponerse<\/strong> al mismo.<\/li>\n<li>Ejercer el derecho a la <strong>portabilidad<\/strong> de sus datos personales.<\/li>\n<li>Si el tratamiento de sus datos personales se basa en su consentimiento, <strong>puede revocarlo en cualquier momento<\/strong>, sin afectar la legalidad del tratamiento basado en el consentimiento previo a su revocaci\u00f3n.<\/li>\n<\/ul>\n<p>Para ejercer sus derechos, por favor cont\u00e1ctenos utilizando la informaci\u00f3n de la Secci\u00f3n 5 (\u00bfC\u00f3mo puede contactarnos?). Para procesar su solicitud de manera eficiente, podr\u00edamos solicitarle informaci\u00f3n adicional para confirmar su identidad y\/o ayudarle a localizar los datos personales que constituyen el objeto de su solicitud.<br \/>\nEn cualquier caso, le recordamos que puede presentar una reclamaci\u00f3n ante la <strong>autoridad de control competente.<\/strong><br \/>\nLa Autoridad de Control en Italia puede ser contactada en\u00a0<a href=\"https:\/\/www.garanteprivacy.it\/\">https:\/\/www.garanteprivacy.it\/<\/a>.[\/vc_column_text][vc_column_text css=\u00bb\u00bb]<\/p>\n<h2>5-\u00bfC\u00d3MO PUEDE CONTACTARNOS?<\/h2>\n<p>Las solicitudes deben dirigirse a:<br \/>\nPuede contactar con nuestro equipo de privacidad a trav\u00e9s del siguiente correo electr\u00f3nico: <a href=\"mailto:privacy@concorsismart.it\">privacy@concorsismart.it<\/a>[\/vc_column_text][vc_column_text css=\u00bb\u00bb]<\/p>\n<h2>6-MODIFICACIONES A ESTA POL\u00cdTICA DE COOKIES<\/h2>\n<p>El responsable del tratamiento se reserva el derecho de realizar modificaciones a esta <strong>Pol\u00edtica de Cookies<\/strong> en cualquier momento, notific\u00e1ndolas a los usuarios en esta p\u00e1gina.[\/vc_column_text][vc_column_text css=\u00bb\u00bb]<strong>Versi\u00f3n actual::<\/strong> Pol\u00edtica de Cookies &#8211; v.1<br \/>\n<strong>\u00daltima actualizaci\u00f3n:<\/strong> enero 2024[\/vc_column_text][\/vc_column][\/vc_row]<\/p>\n<\/div>","protected":false},"excerpt":{"rendered":"<p>[vc_row css=\u00bb.vc_custom_1705489245334{padding-top: 50px !important;padding-bottom: 50px !important;}\u00bb][vc_column][vc_column_text css=\u00bb\u00bb] POL\u00cdTICA DE COOKIES [\/vc_column_text][vc_column_text css=\u00bb\u00bb]La presente Pol\u00edtica de Cookies dirigida a los usuarios del sitio web (en adelante, \u00abpol\u00edtica\u00ab) tiene como objetivo informarle sobre el tratamiento de sus datos personales cuando visita nuestro sitio web (en adelante, el \u00absitio\u00ab). En este sentido, le informamos que Recrytera S.r.l., con [&hellip;]<\/p>\n","protected":false},"author":1,"featured_media":0,"parent":0,"menu_order":998,"comment_status":"closed","ping_status":"closed","template":"fullwidth.php","meta":{"_acf_changed":false,"inline_featured_image":false,"footnotes":""},"class_list":["post-1048","page","type-page","status-publish","hentry"],"acf":[],"yoast_head":"<!-- This site is optimized with the Yoast SEO plugin v27.3 - https:\/\/yoast.com\/product\/yoast-seo-wordpress\/ -->\n<title>Cookie policy - Recrytera<\/title>\n<meta name=\"robots\" content=\"index, follow, max-snippet:-1, max-image-preview:large, max-video-preview:-1\" \/>\n<link rel=\"canonical\" href=\"https:\/\/recrytera.com\/es\/cookie-policy\/\" \/>\n<meta property=\"og:locale\" content=\"es_ES\" \/>\n<meta property=\"og:type\" content=\"article\" \/>\n<meta property=\"og:title\" content=\"Cookie policy - Recrytera\" \/>\n<meta property=\"og:description\" content=\"[vc_row css=\u00bb.vc_custom_1705489245334{padding-top: 50px !important;padding-bottom: 50px !important;}\u00bb][vc_column][vc_column_text css=\u00bb\u00bb] POL\u00cdTICA DE COOKIES [\/vc_column_text][vc_column_text css=\u00bb\u00bb]La presente Pol\u00edtica de Cookies dirigida a los usuarios del sitio web (en adelante, \u00abpol\u00edtica\u00ab) tiene como objetivo informarle sobre el tratamiento de sus datos personales cuando visita nuestro sitio web (en adelante, el \u00absitio\u00ab). En este sentido, le informamos que Recrytera S.r.l., con [&hellip;]\" \/>\n<meta property=\"og:url\" content=\"https:\/\/recrytera.com\/es\/cookie-policy\/\" \/>\n<meta property=\"og:site_name\" content=\"Recrytera\" \/>\n<meta property=\"article:modified_time\" content=\"2025-05-06T15:09:29+00:00\" \/>\n<meta name=\"twitter:card\" content=\"summary_large_image\" \/>\n<meta name=\"twitter:label1\" content=\"Tiempo de lectura\" \/>\n\t<meta name=\"twitter:data1\" content=\"3 minutos\" \/>\n<script type=\"application\/ld+json\" class=\"yoast-schema-graph\">{\"@context\":\"https:\\\/\\\/schema.org\",\"@graph\":[{\"@type\":\"WebPage\",\"@id\":\"https:\\\/\\\/recrytera.com\\\/es\\\/cookie-policy\\\/\",\"url\":\"https:\\\/\\\/recrytera.com\\\/es\\\/cookie-policy\\\/\",\"name\":\"Cookie policy - Recrytera\",\"isPartOf\":{\"@id\":\"https:\\\/\\\/recrytera.com\\\/es\\\/#website\"},\"datePublished\":\"2024-01-17T11:04:06+00:00\",\"dateModified\":\"2025-05-06T15:09:29+00:00\",\"breadcrumb\":{\"@id\":\"https:\\\/\\\/recrytera.com\\\/es\\\/cookie-policy\\\/#breadcrumb\"},\"inLanguage\":\"es\",\"potentialAction\":[{\"@type\":\"ReadAction\",\"target\":[\"https:\\\/\\\/recrytera.com\\\/es\\\/cookie-policy\\\/\"]}]},{\"@type\":\"BreadcrumbList\",\"@id\":\"https:\\\/\\\/recrytera.com\\\/es\\\/cookie-policy\\\/#breadcrumb\",\"itemListElement\":[{\"@type\":\"ListItem\",\"position\":1,\"name\":\"Home\",\"item\":\"https:\\\/\\\/recrytera.com\\\/es\\\/\"},{\"@type\":\"ListItem\",\"position\":2,\"name\":\"Cookie policy\"}]},{\"@type\":\"WebSite\",\"@id\":\"https:\\\/\\\/recrytera.com\\\/es\\\/#website\",\"url\":\"https:\\\/\\\/recrytera.com\\\/es\\\/\",\"name\":\"Recrytera\",\"description\":\"Digital recruiting\",\"potentialAction\":[{\"@type\":\"SearchAction\",\"target\":{\"@type\":\"EntryPoint\",\"urlTemplate\":\"https:\\\/\\\/recrytera.com\\\/es\\\/?s={search_term_string}\"},\"query-input\":{\"@type\":\"PropertyValueSpecification\",\"valueRequired\":true,\"valueName\":\"search_term_string\"}}],\"inLanguage\":\"es\"}]}<\/script>\n<!-- \/ Yoast SEO plugin. -->","yoast_head_json":{"title":"Cookie policy - Recrytera","robots":{"index":"index","follow":"follow","max-snippet":"max-snippet:-1","max-image-preview":"max-image-preview:large","max-video-preview":"max-video-preview:-1"},"canonical":"https:\/\/recrytera.com\/es\/cookie-policy\/","og_locale":"es_ES","og_type":"article","og_title":"Cookie policy - Recrytera","og_description":"[vc_row css=\u00bb.vc_custom_1705489245334{padding-top: 50px !important;padding-bottom: 50px !important;}\u00bb][vc_column][vc_column_text css=\u00bb\u00bb] POL\u00cdTICA DE COOKIES [\/vc_column_text][vc_column_text css=\u00bb\u00bb]La presente Pol\u00edtica de Cookies dirigida a los usuarios del sitio web (en adelante, \u00abpol\u00edtica\u00ab) tiene como objetivo informarle sobre el tratamiento de sus datos personales cuando visita nuestro sitio web (en adelante, el \u00absitio\u00ab). En este sentido, le informamos que Recrytera S.r.l., con [&hellip;]","og_url":"https:\/\/recrytera.com\/es\/cookie-policy\/","og_site_name":"Recrytera","article_modified_time":"2025-05-06T15:09:29+00:00","twitter_card":"summary_large_image","twitter_misc":{"Tiempo de lectura":"3 minutos"},"schema":{"@context":"https:\/\/schema.org","@graph":[{"@type":"WebPage","@id":"https:\/\/recrytera.com\/es\/cookie-policy\/","url":"https:\/\/recrytera.com\/es\/cookie-policy\/","name":"Cookie policy - Recrytera","isPartOf":{"@id":"https:\/\/recrytera.com\/es\/#website"},"datePublished":"2024-01-17T11:04:06+00:00","dateModified":"2025-05-06T15:09:29+00:00","breadcrumb":{"@id":"https:\/\/recrytera.com\/es\/cookie-policy\/#breadcrumb"},"inLanguage":"es","potentialAction":[{"@type":"ReadAction","target":["https:\/\/recrytera.com\/es\/cookie-policy\/"]}]},{"@type":"BreadcrumbList","@id":"https:\/\/recrytera.com\/es\/cookie-policy\/#breadcrumb","itemListElement":[{"@type":"ListItem","position":1,"name":"Home","item":"https:\/\/recrytera.com\/es\/"},{"@type":"ListItem","position":2,"name":"Cookie policy"}]},{"@type":"WebSite","@id":"https:\/\/recrytera.com\/es\/#website","url":"https:\/\/recrytera.com\/es\/","name":"Recrytera","description":"Digital recruiting","potentialAction":[{"@type":"SearchAction","target":{"@type":"EntryPoint","urlTemplate":"https:\/\/recrytera.com\/es\/?s={search_term_string}"},"query-input":{"@type":"PropertyValueSpecification","valueRequired":true,"valueName":"search_term_string"}}],"inLanguage":"es"}]}},"_links":{"self":[{"href":"https:\/\/recrytera.com\/es\/wp-json\/wp\/v2\/pages\/1048","targetHints":{"allow":["GET"]}}],"collection":[{"href":"https:\/\/recrytera.com\/es\/wp-json\/wp\/v2\/pages"}],"about":[{"href":"https:\/\/recrytera.com\/es\/wp-json\/wp\/v2\/types\/page"}],"author":[{"embeddable":true,"href":"https:\/\/recrytera.com\/es\/wp-json\/wp\/v2\/users\/1"}],"replies":[{"embeddable":true,"href":"https:\/\/recrytera.com\/es\/wp-json\/wp\/v2\/comments?post=1048"}],"version-history":[{"count":3,"href":"https:\/\/recrytera.com\/es\/wp-json\/wp\/v2\/pages\/1048\/revisions"}],"predecessor-version":[{"id":1279,"href":"https:\/\/recrytera.com\/es\/wp-json\/wp\/v2\/pages\/1048\/revisions\/1279"}],"wp:attachment":[{"href":"https:\/\/recrytera.com\/es\/wp-json\/wp\/v2\/media?parent=1048"}],"curies":[{"name":"wp","href":"https:\/\/api.w.org\/{rel}","templated":true}]}}